{"id":20,"date":"2017-06-26T23:23:12","date_gmt":"2017-06-26T21:23:12","guid":{"rendered":"http:\/\/spannungsfaktor.de\/cms\/?page_id=20"},"modified":"2019-12-26T00:47:31","modified_gmt":"2019-12-25T23:47:31","slug":"about","status":"publish","type":"page","link":"https:\/\/spannungsfaktor.de\/cms\/about\/","title":{"rendered":"\u00dcber mich"},"content":{"rendered":"\n<style type=\"text\/css\" data-created_by=\"avia_inline_auto\" id=\"style-css-av-av_two_third-25347b0a799d5b9f7058434b2a9c3182\">\n.flex_column.av-av_two_third-25347b0a799d5b9f7058434b2a9c3182{\nborder-radius:0px 0px 0px 0px;\npadding:0px 0px 0px 0px;\n}\n<\/style>\n<div  class='flex_column av-av_two_third-25347b0a799d5b9f7058434b2a9c3182 av_two_third  avia-builder-el-0  el_before_av_one_third  avia-builder-el-first  first flex_column_div av-zero-column-padding  '     ><style type=\"text\/css\" data-created_by=\"avia_inline_auto\" id=\"style-css-av-3htyc-8b77ae0c0b4dfd893f2c2759b1a72d31\">\n.avia-image-container.av-3htyc-8b77ae0c0b4dfd893f2c2759b1a72d31 img.avia_image{\nbox-shadow:none;\n}\n.avia-image-container.av-3htyc-8b77ae0c0b4dfd893f2c2759b1a72d31 .av-image-caption-overlay-center{\ncolor:#ffffff;\n}\n<\/style>\n<div  class='avia-image-container av-3htyc-8b77ae0c0b4dfd893f2c2759b1a72d31 av-styling- avia-align-center  avia-builder-el-1  avia-builder-el-no-sibling '   itemprop=\"image\" itemscope=\"itemscope\" itemtype=\"https:\/\/schema.org\/ImageObject\" ><div class=\"avia-image-container-inner\"><div class=\"avia-image-overlay-wrap\"><img decoding=\"async\" fetchpriority=\"high\" class='wp-image-258 avia-img-lazy-loading-not-258 avia_image ' src=\"https:\/\/spannungsfaktor.de\/cms\/wp-content\/uploads\/2017\/07\/17M-00021-165-1.jpg\" alt='' title='17M-00021-165'  height=\"480\" width=\"1200\"  itemprop=\"thumbnailUrl\" srcset=\"https:\/\/spannungsfaktor.de\/cms\/wp-content\/uploads\/2017\/07\/17M-00021-165-1.jpg 1200w, https:\/\/spannungsfaktor.de\/cms\/wp-content\/uploads\/2017\/07\/17M-00021-165-1-300x120.jpg 300w, https:\/\/spannungsfaktor.de\/cms\/wp-content\/uploads\/2017\/07\/17M-00021-165-1-768x307.jpg 768w, https:\/\/spannungsfaktor.de\/cms\/wp-content\/uploads\/2017\/07\/17M-00021-165-1-1030x412.jpg 1030w, https:\/\/spannungsfaktor.de\/cms\/wp-content\/uploads\/2017\/07\/17M-00021-165-1-600x240.jpg 600w, https:\/\/spannungsfaktor.de\/cms\/wp-content\/uploads\/2017\/07\/17M-00021-165-1-705x282.jpg 705w, https:\/\/spannungsfaktor.de\/cms\/wp-content\/uploads\/2017\/07\/17M-00021-165-1-450x180.jpg 450w\" sizes=\"(max-width: 1200px) 100vw, 1200px\" \/><\/div><\/div><\/div><\/div>\n<style type=\"text\/css\" data-created_by=\"avia_inline_auto\" id=\"style-css-av-av_one_third-f7c1061df29de8cca6b42fcf455fe4a0\">\n.flex_column.av-av_one_third-f7c1061df29de8cca6b42fcf455fe4a0{\nborder-radius:0px 0px 0px 0px;\npadding:0px 0px 0px 0px;\n}\n<\/style>\n<div  class='flex_column av-av_one_third-f7c1061df29de8cca6b42fcf455fe4a0 av_one_third  avia-builder-el-2  el_after_av_two_third  el_before_av_one_half  flex_column_div av-zero-column-padding  '     ><div id='av-masonry-1' class='av-masonry av-k4lxjp6w-4bbb761f7912dd8d158dce087ec4846e noHover av-fixed-size av-large-gap av-hover-overlay- av-masonry-animation-active av-masonry-col-3 av-caption-on-hover-hide av-caption-style- av-masonry-gallery ' data-post_id=\"20\"><div class=\"av-masonry-container isotope av-js-disabled\"><div class='av-masonry-entry isotope-item av-masonry-item-no-image '><\/div><a href=\"https:\/\/spannungsfaktor.de\/cms\/wp-content\/uploads\/2019\/03\/16M-00237-134-1030x687.jpg\" data-srcset=\"https:\/\/spannungsfaktor.de\/cms\/wp-content\/uploads\/2019\/03\/16M-00237-134-1030x687.jpg 1030w, https:\/\/spannungsfaktor.de\/cms\/wp-content\/uploads\/2019\/03\/16M-00237-134-300x200.jpg 300w, https:\/\/spannungsfaktor.de\/cms\/wp-content\/uploads\/2019\/03\/16M-00237-134-768x512.jpg 768w, https:\/\/spannungsfaktor.de\/cms\/wp-content\/uploads\/2019\/03\/16M-00237-134-1500x1000.jpg 1500w, https:\/\/spannungsfaktor.de\/cms\/wp-content\/uploads\/2019\/03\/16M-00237-134-705x470.jpg 705w, https:\/\/spannungsfaktor.de\/cms\/wp-content\/uploads\/2019\/03\/16M-00237-134-450x300.jpg 450w, https:\/\/spannungsfaktor.de\/cms\/wp-content\/uploads\/2019\/03\/16M-00237-134-1320x880.jpg 1320w, https:\/\/spannungsfaktor.de\/cms\/wp-content\/uploads\/2019\/03\/16M-00237-134.jpg 1920w\" data-sizes=\"(max-width: 1030px) 100vw, 1030px\"  aria-label=\"image 16M-00237-134\"  id='av-masonry-1-item-1861' data-av-masonry-item='1861' class='av-masonry-entry isotope-item post-1861 attachment type-attachment status-inherit hentry  av-masonry-item-with-image' title=\"16M-00237-134\" alt=\"\"    itemprop=\"thumbnailUrl\" ><div class='av-inner-masonry-sizer'><\/div><figure class='av-inner-masonry main_color'><div class=\"av-masonry-outerimage-container\"><div class='av-masonry-image-container' style=\"background-image: url(https:\/\/spannungsfaktor.de\/cms\/wp-content\/uploads\/2019\/03\/16M-00237-134-705x470.jpg);\"  title=\"16M-00237-134\" ><\/div><\/div><\/figure><\/a><!--end av-masonry entry--><a href=\"https:\/\/spannungsfaktor.de\/cms\/wp-content\/uploads\/2019\/01\/18-W14113-1030x687.jpg\" data-srcset=\"https:\/\/spannungsfaktor.de\/cms\/wp-content\/uploads\/2019\/01\/18-W14113-1030x687.jpg 1030w, https:\/\/spannungsfaktor.de\/cms\/wp-content\/uploads\/2019\/01\/18-W14113-300x200.jpg 300w, https:\/\/spannungsfaktor.de\/cms\/wp-content\/uploads\/2019\/01\/18-W14113-768x512.jpg 768w, https:\/\/spannungsfaktor.de\/cms\/wp-content\/uploads\/2019\/01\/18-W14113-705x470.jpg 705w, https:\/\/spannungsfaktor.de\/cms\/wp-content\/uploads\/2019\/01\/18-W14113-450x300.jpg 450w, https:\/\/spannungsfaktor.de\/cms\/wp-content\/uploads\/2019\/01\/18-W14113.jpg 1200w\" data-sizes=\"(max-width: 1030px) 100vw, 1030px\"  aria-label=\"image 18-W14113\"  id='av-masonry-1-item-1192' data-av-masonry-item='1192' class='av-masonry-entry isotope-item post-1192 attachment type-attachment status-inherit hentry  av-masonry-item-with-image' title=\"18-W14113\" alt=\"\"    itemprop=\"thumbnailUrl\" ><div class='av-inner-masonry-sizer'><\/div><figure class='av-inner-masonry main_color'><div class=\"av-masonry-outerimage-container\"><div class='av-masonry-image-container' style=\"background-image: url(https:\/\/spannungsfaktor.de\/cms\/wp-content\/uploads\/2019\/01\/18-W14113-705x470.jpg);\"  title=\"18-W14113\" ><\/div><\/div><\/figure><\/a><!--end av-masonry entry--><a href=\"https:\/\/spannungsfaktor.de\/cms\/wp-content\/uploads\/2019\/01\/18-W13781-1030x687.jpg\" data-srcset=\"https:\/\/spannungsfaktor.de\/cms\/wp-content\/uploads\/2019\/01\/18-W13781-1030x687.jpg 1030w, https:\/\/spannungsfaktor.de\/cms\/wp-content\/uploads\/2019\/01\/18-W13781-300x200.jpg 300w, https:\/\/spannungsfaktor.de\/cms\/wp-content\/uploads\/2019\/01\/18-W13781-768x512.jpg 768w, https:\/\/spannungsfaktor.de\/cms\/wp-content\/uploads\/2019\/01\/18-W13781-705x470.jpg 705w, https:\/\/spannungsfaktor.de\/cms\/wp-content\/uploads\/2019\/01\/18-W13781-450x300.jpg 450w, https:\/\/spannungsfaktor.de\/cms\/wp-content\/uploads\/2019\/01\/18-W13781.jpg 1200w\" data-sizes=\"(max-width: 1030px) 100vw, 1030px\"  aria-label=\"image 18-W13781\"  id='av-masonry-1-item-1156' data-av-masonry-item='1156' class='av-masonry-entry isotope-item post-1156 attachment type-attachment status-inherit hentry  av-masonry-item-with-image' title=\"18-W13781\" alt=\"\"    itemprop=\"thumbnailUrl\" ><div class='av-inner-masonry-sizer'><\/div><figure class='av-inner-masonry main_color'><div class=\"av-masonry-outerimage-container\"><div class='av-masonry-image-container' style=\"background-image: url(https:\/\/spannungsfaktor.de\/cms\/wp-content\/uploads\/2019\/01\/18-W13781-705x470.jpg);\"  title=\"18-W13781\" ><\/div><\/div><\/figure><\/a><!--end av-masonry entry--><a href=\"https:\/\/spannungsfaktor.de\/cms\/wp-content\/uploads\/2018\/09\/18-W13360-1030x687.jpg\" data-srcset=\"https:\/\/spannungsfaktor.de\/cms\/wp-content\/uploads\/2018\/09\/18-W13360-1030x687.jpg 1030w, https:\/\/spannungsfaktor.de\/cms\/wp-content\/uploads\/2018\/09\/18-W13360-300x200.jpg 300w, https:\/\/spannungsfaktor.de\/cms\/wp-content\/uploads\/2018\/09\/18-W13360-768x512.jpg 768w, https:\/\/spannungsfaktor.de\/cms\/wp-content\/uploads\/2018\/09\/18-W13360-705x470.jpg 705w, https:\/\/spannungsfaktor.de\/cms\/wp-content\/uploads\/2018\/09\/18-W13360-450x300.jpg 450w, https:\/\/spannungsfaktor.de\/cms\/wp-content\/uploads\/2018\/09\/18-W13360.jpg 1200w\" data-sizes=\"(max-width: 1030px) 100vw, 1030px\"  aria-label=\"image 18-W13360\"  id='av-masonry-1-item-1123' data-av-masonry-item='1123' class='av-masonry-entry isotope-item post-1123 attachment type-attachment status-inherit hentry  av-masonry-item-with-image' title=\"18-W13360\" alt=\"\"    itemprop=\"thumbnailUrl\" ><div class='av-inner-masonry-sizer'><\/div><figure class='av-inner-masonry main_color'><div class=\"av-masonry-outerimage-container\"><div class='av-masonry-image-container' style=\"background-image: url(https:\/\/spannungsfaktor.de\/cms\/wp-content\/uploads\/2018\/09\/18-W13360-705x470.jpg);\"  title=\"18-W13360\" ><\/div><\/div><\/figure><\/a><!--end av-masonry entry--><a href=\"https:\/\/spannungsfaktor.de\/cms\/wp-content\/uploads\/2017\/08\/17M-00053-14-1030x687.jpg\" data-srcset=\"https:\/\/spannungsfaktor.de\/cms\/wp-content\/uploads\/2017\/08\/17M-00053-14-1030x687.jpg 1030w, https:\/\/spannungsfaktor.de\/cms\/wp-content\/uploads\/2017\/08\/17M-00053-14-300x200.jpg 300w, https:\/\/spannungsfaktor.de\/cms\/wp-content\/uploads\/2017\/08\/17M-00053-14-768x512.jpg 768w, https:\/\/spannungsfaktor.de\/cms\/wp-content\/uploads\/2017\/08\/17M-00053-14-600x400.jpg 600w, https:\/\/spannungsfaktor.de\/cms\/wp-content\/uploads\/2017\/08\/17M-00053-14-705x470.jpg 705w, https:\/\/spannungsfaktor.de\/cms\/wp-content\/uploads\/2017\/08\/17M-00053-14-450x300.jpg 450w, https:\/\/spannungsfaktor.de\/cms\/wp-content\/uploads\/2017\/08\/17M-00053-14.jpg 1200w\" data-sizes=\"(max-width: 1030px) 100vw, 1030px\"  aria-label=\"image 17M-00053-14\"  id='av-masonry-1-item-496' data-av-masonry-item='496' class='av-masonry-entry isotope-item post-496 attachment type-attachment status-inherit hentry  av-masonry-item-with-image' title=\"17M-00053-14\" alt=\"\"    itemprop=\"thumbnailUrl\" ><div class='av-inner-masonry-sizer'><\/div><figure class='av-inner-masonry main_color'><div class=\"av-masonry-outerimage-container\"><div class='av-masonry-image-container' style=\"background-image: url(https:\/\/spannungsfaktor.de\/cms\/wp-content\/uploads\/2017\/08\/17M-00053-14-705x470.jpg);\"  title=\"17M-00053-14\" ><\/div><\/div><\/figure><\/a><!--end av-masonry entry--><a href=\"https:\/\/spannungsfaktor.de\/cms\/wp-content\/uploads\/2017\/07\/17M-00030-34-1030x687.jpg\" data-srcset=\"https:\/\/spannungsfaktor.de\/cms\/wp-content\/uploads\/2017\/07\/17M-00030-34-1030x687.jpg 1030w, https:\/\/spannungsfaktor.de\/cms\/wp-content\/uploads\/2017\/07\/17M-00030-34-300x200.jpg 300w, https:\/\/spannungsfaktor.de\/cms\/wp-content\/uploads\/2017\/07\/17M-00030-34-768x512.jpg 768w, https:\/\/spannungsfaktor.de\/cms\/wp-content\/uploads\/2017\/07\/17M-00030-34-600x400.jpg 600w, https:\/\/spannungsfaktor.de\/cms\/wp-content\/uploads\/2017\/07\/17M-00030-34-705x470.jpg 705w, https:\/\/spannungsfaktor.de\/cms\/wp-content\/uploads\/2017\/07\/17M-00030-34-450x300.jpg 450w, https:\/\/spannungsfaktor.de\/cms\/wp-content\/uploads\/2017\/07\/17M-00030-34.jpg 1200w\" data-sizes=\"(max-width: 1030px) 100vw, 1030px\"  aria-label=\"image 17M-00030-34\"  id='av-masonry-1-item-370' data-av-masonry-item='370' class='av-masonry-entry isotope-item post-370 attachment type-attachment status-inherit hentry  av-masonry-item-with-image' title=\"17M-00030-34\" alt=\"\"    itemprop=\"thumbnailUrl\" ><div class='av-inner-masonry-sizer'><\/div><figure class='av-inner-masonry main_color'><div class=\"av-masonry-outerimage-container\"><div class='av-masonry-image-container' style=\"background-image: url(https:\/\/spannungsfaktor.de\/cms\/wp-content\/uploads\/2017\/07\/17M-00030-34-705x470.jpg);\"  title=\"17M-00030-34\" ><\/div><\/div><\/figure><\/a><!--end av-masonry entry--><a href=\"https:\/\/spannungsfaktor.de\/cms\/wp-content\/uploads\/2016\/05\/17M-00009-123.jpg\" data-srcset=\"https:\/\/spannungsfaktor.de\/cms\/wp-content\/uploads\/2016\/05\/17M-00009-123.jpg 900w, https:\/\/spannungsfaktor.de\/cms\/wp-content\/uploads\/2016\/05\/17M-00009-123-300x200.jpg 300w, https:\/\/spannungsfaktor.de\/cms\/wp-content\/uploads\/2016\/05\/17M-00009-123-768x513.jpg 768w, https:\/\/spannungsfaktor.de\/cms\/wp-content\/uploads\/2016\/05\/17M-00009-123-600x401.jpg 600w, https:\/\/spannungsfaktor.de\/cms\/wp-content\/uploads\/2016\/05\/17M-00009-123-705x471.jpg 705w, https:\/\/spannungsfaktor.de\/cms\/wp-content\/uploads\/2016\/05\/17M-00009-123-450x301.jpg 450w\" data-sizes=\"(max-width: 900px) 100vw, 900px\"  aria-label=\"image 17M-00009-123\"  id='av-masonry-1-item-112' data-av-masonry-item='112' class='av-masonry-entry isotope-item post-112 attachment type-attachment status-inherit hentry  av-masonry-item-with-image' title=\"17M-00009-123\" alt=\"\"    itemprop=\"thumbnailUrl\" ><div class='av-inner-masonry-sizer'><\/div><figure class='av-inner-masonry main_color'><div class=\"av-masonry-outerimage-container\"><div class='av-masonry-image-container' style=\"background-image: url(https:\/\/spannungsfaktor.de\/cms\/wp-content\/uploads\/2016\/05\/17M-00009-123-705x471.jpg);\"  title=\"17M-00009-123\" ><\/div><\/div><\/figure><\/a><!--end av-masonry entry--><a href=\"https:\/\/spannungsfaktor.de\/cms\/wp-content\/uploads\/2017\/07\/17M-00016-53-1030x688.jpg\" data-srcset=\"https:\/\/spannungsfaktor.de\/cms\/wp-content\/uploads\/2017\/07\/17M-00016-53-1030x688.jpg 1030w, https:\/\/spannungsfaktor.de\/cms\/wp-content\/uploads\/2017\/07\/17M-00016-53-300x200.jpg 300w, https:\/\/spannungsfaktor.de\/cms\/wp-content\/uploads\/2017\/07\/17M-00016-53-768x513.jpg 768w, https:\/\/spannungsfaktor.de\/cms\/wp-content\/uploads\/2017\/07\/17M-00016-53-600x401.jpg 600w, https:\/\/spannungsfaktor.de\/cms\/wp-content\/uploads\/2017\/07\/17M-00016-53-705x471.jpg 705w, https:\/\/spannungsfaktor.de\/cms\/wp-content\/uploads\/2017\/07\/17M-00016-53-450x300.jpg 450w, https:\/\/spannungsfaktor.de\/cms\/wp-content\/uploads\/2017\/07\/17M-00016-53.jpg 1200w\" data-sizes=\"(max-width: 1030px) 100vw, 1030px\"  aria-label=\"image 17M-00016-53\"  id='av-masonry-1-item-174' data-av-masonry-item='174' class='av-masonry-entry isotope-item post-174 attachment type-attachment status-inherit hentry  av-masonry-item-with-image' title=\"17M-00016-53\" alt=\"\"    itemprop=\"thumbnailUrl\" ><div class='av-inner-masonry-sizer'><\/div><figure class='av-inner-masonry main_color'><div class=\"av-masonry-outerimage-container\"><div class='av-masonry-image-container' style=\"background-image: url(https:\/\/spannungsfaktor.de\/cms\/wp-content\/uploads\/2017\/07\/17M-00016-53-705x471.jpg);\"  title=\"17M-00016-53\" ><\/div><\/div><\/figure><\/a><!--end av-masonry entry--><\/div><\/div><\/div>\n<style type=\"text\/css\" data-created_by=\"avia_inline_auto\" id=\"style-css-av-2fw7o-1124cd48bd75ea07325ccda7a066d39a\">\n.flex_column.av-2fw7o-1124cd48bd75ea07325ccda7a066d39a{\nborder-radius:0px 0px 0px 0px;\npadding:0px 0px 0px 0px;\n}\n<\/style>\n<div  class='flex_column av-2fw7o-1124cd48bd75ea07325ccda7a066d39a av_one_half  avia-builder-el-4  el_after_av_one_third  el_before_av_one_half  first flex_column_div av-zero-column-padding  column-top-margin'     ><section  class='av_textblock_section av-20xsc-87de9edac9acbd65ea7a5d05682900e8 '   itemscope=\"itemscope\" itemtype=\"https:\/\/schema.org\/CreativeWork\" ><div class='avia_textblock'  itemprop=\"text\" ><p>Wie der Untertitel schon andeutet soll diese Seite \u00fcber die kleinen Abenteuer und Erlebnisse berichten die ich &#8220;mir g\u00f6nne&#8221;.<\/p>\n<p>Abenteuerlustig und der Natur verbunden, das war ich schon immer. Allerdings hat sich in den letzten Jahren eine gewisse &#8220;Gem\u00fctlichkeit&#8221; eingeschlichen und Idealma\u00dfe und Bodyindex haben arg gelitten. H\u00f6chste Zeit wieder aktiver zu werden, raus zu gehen und etwas zu unternehmen. Es m\u00fcssen ja nicht immer die ganz gro\u00dfen Abenteuer sein (die sich oft doch nicht realisieren lassen) und so m\u00f6chte ich eher von den kleineren Abenteuern und Erlebnissen auf dieser Seite berichten.<\/p>\n<p>Vor allem hoffe ich aber auch andere Leser die eine gewisse &#8220;Gem\u00fctlichkeit&#8221; erreicht haben zu ermutigen, sich aus dem Sessel zu sch\u00e4len und aktiv etwas zu unternehmen. Oft bedarf es nur weniger Dinge mit einer winzigen Prise Verr\u00fccktheit (dem Spannungsfaktor) um sich sein eigenes kleines Abenteuer zu basteln. Ganz besonders freuen w\u00fcrde ich mich wenn diese Leser mir dann dar\u00fcber schreiben.<\/p>\n<p>Und nun viel Spa\u00df beim lesen.<\/p>\n<p>Andreas.<\/p>\n<\/div><\/section><\/div>\n<style type=\"text\/css\" data-created_by=\"avia_inline_auto\" id=\"style-css-av-1axg0-cda9b0c28437951bed1bcf2415916dfe\">\n.flex_column.av-1axg0-cda9b0c28437951bed1bcf2415916dfe{\nborder-radius:0px 0px 0px 0px;\npadding:0px 0px 0px 0px;\n}\n<\/style>\n<div  class='flex_column av-1axg0-cda9b0c28437951bed1bcf2415916dfe av_one_half  avia-builder-el-6  el_after_av_one_half  avia-builder-el-last  flex_column_div av-zero-column-padding  column-top-margin'     ><section  class='av_textblock_section av-tdvw-17b410351678b09dc1777adf1e7660d4 '   itemscope=\"itemscope\" itemtype=\"https:\/\/schema.org\/CreativeWork\" ><div class='avia_textblock'  itemprop=\"text\" ><p>Like the subtitle imply this page shall report about the small adventures &amp; happenings which I &#8220;allow&#8221; myself.<\/p>\n<p>I was always adventurous and close to nature. Never the less, over the last years a kind of &#8220;laiziness&#8221; sneaked in and my body shape and -index sacrificed a lot. So, high time to get more active, to go out and do something. It does not always have to be the super big adventures (most often it&#8217;s not possible to put them into practice) and therefore I would like to write on this site about the smaller and more realistc ones.<\/p>\n<p>In addition I hope \u00a0to encourage other readers with a similar &#8220;lazyness-factor&#8221; to get up and active. Most of the time it takes only a few things and a small touch of craziness (the &#8220;Spannungsfaktor&#8221;) to build his own little adventure. I would be very pleased if this reader would write me about his\/her adventure.<\/p>\n<p>And now enjoy reading.<\/p>\n<p>Andreas.<\/p>\n<\/div><\/section><\/div><\/p>\n","protected":false},"excerpt":{"rendered":"","protected":false},"author":3,"featured_media":0,"parent":0,"menu_order":0,"comment_status":"closed","ping_status":"closed","template":"","meta":{"footnotes":""},"class_list":["post-20","page","type-page","status-publish","hentry"],"_links":{"self":[{"href":"https:\/\/spannungsfaktor.de\/cms\/wp-json\/wp\/v2\/pages\/20","targetHints":{"allow":["GET"]}}],"collection":[{"href":"https:\/\/spannungsfaktor.de\/cms\/wp-json\/wp\/v2\/pages"}],"about":[{"href":"https:\/\/spannungsfaktor.de\/cms\/wp-json\/wp\/v2\/types\/page"}],"author":[{"embeddable":true,"href":"https:\/\/spannungsfaktor.de\/cms\/wp-json\/wp\/v2\/users\/3"}],"replies":[{"embeddable":true,"href":"https:\/\/spannungsfaktor.de\/cms\/wp-json\/wp\/v2\/comments?post=20"}],"version-history":[{"count":28,"href":"https:\/\/spannungsfaktor.de\/cms\/wp-json\/wp\/v2\/pages\/20\/revisions"}],"predecessor-version":[{"id":1983,"href":"https:\/\/spannungsfaktor.de\/cms\/wp-json\/wp\/v2\/pages\/20\/revisions\/1983"}],"wp:attachment":[{"href":"https:\/\/spannungsfaktor.de\/cms\/wp-json\/wp\/v2\/media?parent=20"}],"curies":[{"name":"wp","href":"https:\/\/api.w.org\/{rel}","templated":true}]}}