{"id":22,"date":"2017-06-26T23:58:35","date_gmt":"2017-06-26T21:58:35","guid":{"rendered":"http:\/\/spannungsfaktor.de\/cms\/?page_id=22"},"modified":"2017-07-01T23:05:23","modified_gmt":"2017-07-01T21:05:23","slug":"mit-dem-ebike-80-tage-nach-suden","status":"publish","type":"page","link":"https:\/\/spannungsfaktor.de\/cms\/mit-dem-ebike-80-tage-nach-suden\/","title":{"rendered":"80 Tage nach S\u00fcden &#8211; Der Plan"},"content":{"rendered":"\n<style type=\"text\/css\" data-created_by=\"avia_inline_auto\" id=\"style-css-av-av_image-f0c314418dfeea633e4d2c307cbf4596\">\n.avia-image-container.av-av_image-f0c314418dfeea633e4d2c307cbf4596 img.avia_image{\nbox-shadow:none;\n}\n.avia-image-container.av-av_image-f0c314418dfeea633e4d2c307cbf4596 .av-image-caption-overlay-center{\ncolor:#ffffff;\n}\n<\/style>\n<div  class='avia-image-container av-av_image-f0c314418dfeea633e4d2c307cbf4596 av-styling- avia-align-center  avia-builder-el-0  el_before_av_one_half  avia-builder-el-first '   itemprop=\"image\" itemscope=\"itemscope\" itemtype=\"https:\/\/schema.org\/ImageObject\" ><div class=\"avia-image-container-inner\"><div class=\"avia-image-overlay-wrap\"><img decoding=\"async\" fetchpriority=\"high\" class='wp-image-160 avia-img-lazy-loading-not-160 avia_image ' src=\"https:\/\/spannungsfaktor.de\/cms\/wp-content\/uploads\/2017\/06\/17M-00008-19.jpg\" alt='' title='17M-00008-19'  height=\"640\" width=\"1920\"  itemprop=\"thumbnailUrl\" srcset=\"https:\/\/spannungsfaktor.de\/cms\/wp-content\/uploads\/2017\/06\/17M-00008-19.jpg 1920w, https:\/\/spannungsfaktor.de\/cms\/wp-content\/uploads\/2017\/06\/17M-00008-19-300x100.jpg 300w, https:\/\/spannungsfaktor.de\/cms\/wp-content\/uploads\/2017\/06\/17M-00008-19-768x256.jpg 768w, https:\/\/spannungsfaktor.de\/cms\/wp-content\/uploads\/2017\/06\/17M-00008-19-1030x343.jpg 1030w, https:\/\/spannungsfaktor.de\/cms\/wp-content\/uploads\/2017\/06\/17M-00008-19-600x200.jpg 600w, https:\/\/spannungsfaktor.de\/cms\/wp-content\/uploads\/2017\/06\/17M-00008-19-1500x500.jpg 1500w, https:\/\/spannungsfaktor.de\/cms\/wp-content\/uploads\/2017\/06\/17M-00008-19-705x235.jpg 705w, https:\/\/spannungsfaktor.de\/cms\/wp-content\/uploads\/2017\/06\/17M-00008-19-450x150.jpg 450w\" sizes=\"(max-width: 1920px) 100vw, 1920px\" \/><\/div><\/div><\/div>\n\n<style type=\"text\/css\" data-created_by=\"avia_inline_auto\" id=\"style-css-av-av_one_half-6126cab7d8fab8d08143dd2dacdf673c\">\n.flex_column.av-av_one_half-6126cab7d8fab8d08143dd2dacdf673c{\nborder-radius:0px 0px 0px 0px;\npadding:0px 0px 0px 0px;\n}\n<\/style>\n<div  class='flex_column av-av_one_half-6126cab7d8fab8d08143dd2dacdf673c av_one_half  avia-builder-el-1  el_after_av_image  el_before_av_one_half  first flex_column_div av-zero-column-padding  '     ><section  class='av_textblock_section av-av_textblock-396ddf1f42196ca838231e61a4602801 '   itemscope=\"itemscope\" itemtype=\"https:\/\/schema.org\/CreativeWork\" ><div class='avia_textblock'  itemprop=\"text\" ><p style=\"margin: 0in; font-family: Calibri; font-size: 11.0pt;\">Wie der Name schon andeutet soll es in diesem kleinen Abenteuer immer nach S\u00fcden gehen. Der Plan ist mit dem eBike vom n\u00f6rdlichsten Punkt Europas (dem Nordkapp) immer nach S\u00fcden zu fahren. Dabei m\u00f6chte ich mehrere Experimente bzw. Tests durchf\u00fchren (auf die ich im Verlauf der n\u00e4chsten Wochen etwas n\u00e4her eingehen werde).<\/p>\n<p style=\"margin: 0in; font-family: Calibri; font-size: 11.0pt;\">Hier der grobe Ablauf:<br \/>\nZun\u00e4chst geht es mit dem Auto und Wohnwagen von M\u00fcnchen \u00fcber D\u00e4nemark nach Norwegen. Um die langen Fahrzeiten etwas auf zu lockern sind Besuche in Stavanger, Bergen, dem Trollsteigen und Trondheim geplant. Vom Nordkapp geht es dann mit dem eBike der norwegischen K\u00fcste entlang \u00fcber die Lofoten und weiter Richtung S\u00fcden. Wenn ich dann keine K\u00fcste mehr sehen kann geht es Richtung S\u00fcd-Osten, also quer durch Norwegen und Schweden bis zur Ostsee und dann weiter Richtung Stockholm. F\u00fcr die komplette Reise stehen mir 80 Tage zur Verf\u00fcgung.<br \/>\nAuf der Reise wird mich mein Vater begleiten der das Auto und Wohnwagen zur\u00fcck f\u00e4hrt. Der Wohnwagen ist mit einer Solaranlage ausger\u00fcstet so das ich unabh\u00e4ngig von Zeit und Ort den Akku f\u00fcr das eBike laden kann.<\/p>\n<p style=\"margin: 0in; font-family: Calibri; font-size: 11.0pt;\">Das ist der grobe Plan, viel mehr Details gibt es auch nicht, der Rest ergibt sich.<\/p>\n<p style=\"margin: 0in; font-family: Calibri; font-size: 11.0pt;\">Okay, zugegeben vom oder zum Nordkapp sind auch schon andere mit dem Rad gefahren. Was also soll daran so abenteuerlich sein?<\/p>\n<p style=\"margin: 0in; font-family: Calibri; font-size: 11.0pt;\">Und damit kommen wir auch schon zum ersten Experiment: Als &#8220;zertifizierte&#8221; Coach Potatoe habe ich nicht viel Erfahrung im Sattel (im letzten Jahr bin ich insgesamt ca. 40-50 km geradelt). Auch sonst bin ich sportlich eher bei den Zuschauern zu finden. F\u00fcr mich ist es daher ein Abenteuer, untrainiert mehrere hundert\/tausend Kilometer im bergigen Norwegen abzustrampeln. Und davon m\u00f6chte ich hier von Zeit zu Zeit berichten.<\/p>\n<\/div><\/section><\/div>\n\n<style type=\"text\/css\" data-created_by=\"avia_inline_auto\" id=\"style-css-av-av_one_half-0aa7055fe62c3622faec82866afbaeb2\">\n.flex_column.av-av_one_half-0aa7055fe62c3622faec82866afbaeb2{\nborder-radius:0px 0px 0px 0px;\npadding:0px 0px 0px 0px;\n}\n<\/style>\n<div  class='flex_column av-av_one_half-0aa7055fe62c3622faec82866afbaeb2 av_one_half  avia-builder-el-3  el_after_av_one_half  avia-builder-el-last  flex_column_div av-zero-column-padding  '     ><section  class='av_textblock_section av-av_textblock-396ddf1f42196ca838231e61a4602801 '   itemscope=\"itemscope\" itemtype=\"https:\/\/schema.org\/CreativeWork\" ><div class='avia_textblock'  itemprop=\"text\" ><p style=\"margin: 0in; font-family: Calibri; font-size: 11.0pt;\">Like the name tells, this little adventure is about going south. The idea is to ride with an eBike from the most northern point of Europe (North Cape) all the way south. On the trip I would like to do multiple experiments and tests (I will come back to that in the next weeks).<\/p>\n<p style=\"margin: 0in; font-family: Calibri; font-size: 11.0pt;\">Here the rough plan:<\/p>\n<p style=\"margin: 0in; font-family: Calibri; font-size: 11.0pt;\">First I will drive with a car and trailer from Munich through Denmark to Norway. To open the long driving I plan to visit Stavanger, Bergen, the Trollsteigen and Trondheim. From the North Cape I will start with an eBike and ride along the norwegian coast, through the Lofoten and continue going south. If I&#8217;m tired of the norwegian coast I will go south-east crossing Norway and Sweden until the East Sea, continue south to Stockholm. For the complete trip I have 80 days.<\/p>\n<p style=\"margin: 0in; font-family: Calibri; font-size: 11.0pt;\">My father will join me on this trip and will drive the car and caravan back. The caravan is equiped with solar panales, so I&#8217;m independant to charge the battery for the eBike.<\/p>\n<p style=\"margin: 0in; font-family: Calibri; font-size: 11.0pt;\">Thats the rough plan, there are not much more details anyway, everything else will be come up on the way.<\/p>\n<p style=\"margin: 0in; font-family: Calibri; font-size: 11.0pt;\">Okay, I agree there were otheres riding with their bikes from or to the North Cape. So where is the adventure?<\/p>\n<p style=\"margin: 0in; font-family: Calibri; font-size: 11.0pt;\">And here comes experiment number one: I&#8217;m a &#8220;certified&#8221; coach patatoe with almost no experience in the saddle (last year I made 40-50 km on my bike). Next to that I&#8217;m more on the sports observer side. So, for me it is an adventure to bike untrained multiple hundreds\/thousands of kilometers in mountainous Norway. About that I would like to write here from time to time.<\/p>\n<\/div><\/section><\/div>\n","protected":false},"excerpt":{"rendered":"","protected":false},"author":3,"featured_media":0,"parent":0,"menu_order":0,"comment_status":"closed","ping_status":"closed","template":"","meta":{"footnotes":""},"class_list":["post-22","page","type-page","status-publish","hentry"],"_links":{"self":[{"href":"https:\/\/spannungsfaktor.de\/cms\/wp-json\/wp\/v2\/pages\/22","targetHints":{"allow":["GET"]}}],"collection":[{"href":"https:\/\/spannungsfaktor.de\/cms\/wp-json\/wp\/v2\/pages"}],"about":[{"href":"https:\/\/spannungsfaktor.de\/cms\/wp-json\/wp\/v2\/types\/page"}],"author":[{"embeddable":true,"href":"https:\/\/spannungsfaktor.de\/cms\/wp-json\/wp\/v2\/users\/3"}],"replies":[{"embeddable":true,"href":"https:\/\/spannungsfaktor.de\/cms\/wp-json\/wp\/v2\/comments?post=22"}],"version-history":[{"count":6,"href":"https:\/\/spannungsfaktor.de\/cms\/wp-json\/wp\/v2\/pages\/22\/revisions"}],"predecessor-version":[{"id":165,"href":"https:\/\/spannungsfaktor.de\/cms\/wp-json\/wp\/v2\/pages\/22\/revisions\/165"}],"wp:attachment":[{"href":"https:\/\/spannungsfaktor.de\/cms\/wp-json\/wp\/v2\/media?parent=22"}],"curies":[{"name":"wp","href":"https:\/\/api.w.org\/{rel}","templated":true}]}}